{"id":383,"date":"2021-03-10T23:11:49","date_gmt":"2021-03-10T23:11:49","guid":{"rendered":"http:\/\/s863292157.online.de\/?page_id=383"},"modified":"2025-04-16T22:02:29","modified_gmt":"2025-04-16T22:02:29","slug":"kontakt-und-anfahrt","status":"publish","type":"page","link":"https:\/\/www.fischer-birk.de\/?page_id=383","title":{"rendered":"Kontakt und Anfahrt"},"content":{"rendered":"<p>[et_pb_section fb_built=&#8220;1&#8243; fullwidth=&#8220;on&#8220; _builder_version=&#8220;4.27.4&#8243; _module_preset=&#8220;default&#8220; global_colors_info=&#8220;{}&#8220; theme_builder_area=&#8220;post_content&#8220;][et_pb_fullwidth_slider _builder_version=&#8220;4.27.4&#8243; _module_preset=&#8220;default&#8220; global_colors_info=&#8220;{}&#8220; theme_builder_area=&#8220;post_content&#8220;][et_pb_slide heading=&#8220;Restaurant Fischer&#8220; use_bg_overlay=&#8220;off&#8220; use_text_overlay=&#8220;on&#8220; text_overlay_color=&#8220;rgba(255,255,255,0.39)&#8220; text_border_radius=&#8220;0px&#8220; _builder_version=&#8220;4.27.4&#8243; _module_preset=&#8220;default&#8220; header_level=&#8220;h1&#8243; header_font=&#8220;||||||||&#8220; header_font_size=&#8220;70px&#8220; background_image=&#8220;https:\/\/www.fischer-birk.de\/wp-content\/uploads\/2021\/03\/Headerbild.jpg&#8220; background_enable_image=&#8220;on&#8220; text_orientation=&#8220;center&#8220; background_layout=&#8220;light&#8220; width=&#8220;100%&#8220; custom_padding=&#8220;||250px||false|false&#8220; header_font_size_tablet=&#8220;70px&#8220; header_font_size_phone=&#8220;35px&#8220; header_font_size_last_edited=&#8220;on|phone&#8220; background_last_edited=&#8220;on|desktop&#8220; global_colors_info=&#8220;{}&#8220; sticky_transition=&#8220;on&#8220; theme_builder_area=&#8220;post_content&#8220;][\/et_pb_slide][\/et_pb_fullwidth_slider][\/et_pb_section][et_pb_section fb_built=&#8220;1&#8243; _builder_version=&#8220;4.16&#8243; _module_preset=&#8220;default&#8220; custom_margin=&#8220;||-54px||false|false&#8220; custom_padding=&#8220;2px|||||&#8220; global_colors_info=&#8220;{}&#8220;][et_pb_row _builder_version=&#8220;4.16&#8243; _module_preset=&#8220;default&#8220; background_color=&#8220;rgba(186,164,135,0.53)&#8220; width=&#8220;100%&#8220; max_width=&#8220;2560px&#8220; custom_margin=&#8220;-2px|auto||auto|false|false&#8220; custom_padding=&#8220;||||false|false&#8220; box_shadow_style=&#8220;preset1&#8243; global_colors_info=&#8220;{}&#8220;][et_pb_column type=&#8220;4_4&#8243; _builder_version=&#8220;4.16&#8243; _module_preset=&#8220;default&#8220; global_colors_info=&#8220;{}&#8220;][et_pb_text _builder_version=&#8220;4.16&#8243; _module_preset=&#8220;default&#8220; text_text_color=&#8220;#666666&#8243; text_line_height=&#8220;1em&#8220; width_tablet=&#8220;&#8220; width_phone=&#8220;80%&#8220; width_last_edited=&#8220;on|phone&#8220; module_alignment=&#8220;center&#8220; custom_padding=&#8220;0px||10px||false|false&#8220; global_colors_info=&#8220;{}&#8220;]<\/p>\n<p class=\" text-center\" style=\"text-align: center;\">Wir sind t\u00e4glich ab 17.00 Uhr, sonntags und feiertags auch ab 11.30 Uhr bis 14.00 Uhr f\u00fcr Sie da.<\/p>\n<p class=\" text-center\" style=\"text-align: center;\">Dienstags und Mittwochs machen wir eine Pause.<\/p>\n<p class=\" text-center\" style=\"text-align: center;\">F\u00fcr individuelle \u00d6ffnungszeiten sprechen Sie uns bitte an.<\/p>\n<p>[\/et_pb_text][\/et_pb_column][\/et_pb_row][\/et_pb_section][et_pb_section fb_built=&#8220;1&#8243; fullwidth=&#8220;on&#8220; _builder_version=&#8220;4.16&#8243; _module_preset=&#8220;default&#8220; global_colors_info=&#8220;{}&#8220;][et_pb_fullwidth_header _builder_version=&#8220;4.16&#8243; _module_preset=&#8220;default&#8220; background_color=&#8220;#FFFFFF&#8220; global_colors_info=&#8220;{}&#8220;][\/et_pb_fullwidth_header][\/et_pb_section][et_pb_section fb_built=&#8220;1&#8243; _builder_version=&#8220;4.16&#8243; _module_preset=&#8220;default&#8220; custom_padding=&#8220;2px|||||&#8220; global_colors_info=&#8220;{}&#8220;][et_pb_row _builder_version=&#8220;4.16&#8243; _module_preset=&#8220;default&#8220; global_colors_info=&#8220;{}&#8220;][et_pb_column type=&#8220;4_4&#8243; _builder_version=&#8220;4.16&#8243; _module_preset=&#8220;default&#8220; global_colors_info=&#8220;{}&#8220;][et_pb_text _builder_version=&#8220;4.16&#8243; _module_preset=&#8220;default&#8220; text_text_color=&#8220;#282828&#8243; text_font_size=&#8220;17px&#8220; quote_text_align=&#8220;center&#8220; text_orientation=&#8220;center&#8220; animation_style=&#8220;slide&#8220; animation_delay=&#8220;300ms&#8220; text_text_shadow_style=&#8220;preset3&#8243; text_text_shadow_blur_strength=&#8220;0.11em&#8220; global_colors_info=&#8220;{}&#8220;]<\/p>\n<h2 style=\"text-align: center;\">&#8222;Nur wer sein Ziel kennt, findet den Weg&#8220;<\/h2>\n<p>[\/et_pb_text][\/et_pb_column][\/et_pb_row][\/et_pb_section][et_pb_section fb_built=&#8220;1&#8243; fullwidth=&#8220;on&#8220; _builder_version=&#8220;4.16&#8243; _module_preset=&#8220;default&#8220; global_colors_info=&#8220;{}&#8220;][et_pb_fullwidth_header _builder_version=&#8220;4.16&#8243; _module_preset=&#8220;default&#8220; background_color=&#8220;#FFFFFF&#8220; global_colors_info=&#8220;{}&#8220;][\/et_pb_fullwidth_header][\/et_pb_section][et_pb_section fb_built=&#8220;1&#8243; _builder_version=&#8220;4.16&#8243; _module_preset=&#8220;default&#8220; background_color=&#8220;RGBA(186,164,135,0.53)&#8220; height=&#8220;357px&#8220; custom_margin=&#8220;-42px|||||&#8220; custom_padding=&#8220;16px|||||&#8220; box_shadow_style=&#8220;preset1&#8243; global_colors_info=&#8220;{}&#8220;][et_pb_row column_structure=&#8220;3_4,1_4&#8243; _builder_version=&#8220;4.16&#8243; _module_preset=&#8220;default&#8220; background_color=&#8220;RGBA(0,0,0,0)&#8220; global_colors_info=&#8220;{}&#8220;][et_pb_column type=&#8220;3_4&#8243; _builder_version=&#8220;4.16&#8243; _module_preset=&#8220;default&#8220; global_colors_info=&#8220;{}&#8220;][et_pb_map address=&#8220;Birker Str. 19, 53797 Lohmar, Deutschland&#8220; zoom_level=&#8220;16&#8243; address_lat=&#8220;50.8355556&#8243; address_lng=&#8220;7.2758333&#8243; mouse_wheel=&#8220;off&#8220; mobile_dragging=&#8220;off&#8220; admin_label=&#8220;Karte&#8220; _builder_version=&#8220;4.16&#8243; _module_preset=&#8220;default&#8220; height=&#8220;275px&#8220; custom_padding=&#8220;||0px||false|false&#8220; child_filter_saturate=&#8220;98%&#8220; child_filter_brightness=&#8220;105%&#8220; child_mix_blend_mode=&#8220;luminosity&#8220; global_colors_info=&#8220;{}&#8220;][et_pb_map_pin title=&#8220;Restaurant Fischer&#8220; pin_address=&#8220;Birker Str. 19, 53797 Lohmar, Deutschland&#8220; pin_address_lat=&#8220;50.8355556&#8243; pin_address_lng=&#8220;7.2758333&#8243; _builder_version=&#8220;4.9.1&#8243; _module_preset=&#8220;default&#8220; global_colors_info=&#8220;{}&#8220;]<\/p>\n<p>Birker Stra\u00dfe 19, 53797 Lohmar<\/p>\n<p>02246-4265<\/p>\n<p>dienstags Ruhetag<\/p>\n<p>[\/et_pb_map_pin][\/et_pb_map][\/et_pb_column][et_pb_column type=&#8220;1_4&#8243; _builder_version=&#8220;4.16&#8243; _module_preset=&#8220;default&#8220; global_colors_info=&#8220;{}&#8220;][et_pb_text _builder_version=&#8220;4.16&#8243; _module_preset=&#8220;default&#8220; text_text_color=&#8220;#282828&#8243; text_orientation=&#8220;center&#8220; module_alignment=&#8220;center&#8220; custom_padding=&#8220;68px||||false|false&#8220; text_text_color_tablet=&#8220;#BAAB9C&#8220; text_text_color_phone=&#8220;#baab9c&#8220; text_text_color_last_edited=&#8220;on|tablet&#8220; global_colors_info=&#8220;{}&#8220;]<\/p>\n<p>Restaurant Fischer<\/p>\n<p>Birker Stra\u00dfe 19<\/p>\n<p>53797 Lohmar &#8211; Birk<\/p>\n<p>02246 &#8211; 4265<\/p>\n<p>[\/et_pb_text][\/et_pb_column][\/et_pb_row][\/et_pb_section]<\/p>\n","protected":false},"excerpt":{"rendered":"<p>Wir sind t\u00e4glich ab 17.00 Uhr, sonntags und feiertags auch ab 11.30 Uhr bis 14.00 Uhr f\u00fcr Sie da. Dienstags und Mittwochs machen wir eine Pause. F\u00fcr individuelle \u00d6ffnungszeiten sprechen Sie uns bitte an.&#8220;Nur wer sein Ziel kennt, findet den Weg&#8220;Birker Stra\u00dfe 19, 53797 Lohmar 02246-4265 dienstags RuhetagRestaurant Fischer Birker Stra\u00dfe 19 53797 Lohmar &#8211; [&hellip;]<\/p>\n","protected":false},"author":1,"featured_media":0,"parent":0,"menu_order":0,"comment_status":"closed","ping_status":"closed","template":"","meta":{"_et_pb_use_builder":"on","_et_pb_old_content":"","_et_gb_content_width":"","_monsterinsights_skip_tracking":false,"_monsterinsights_sitenote_active":false,"_monsterinsights_sitenote_note":"","_monsterinsights_sitenote_category":0,"footnotes":""},"class_list":["post-383","page","type-page","status-publish","hentry"],"_links":{"self":[{"href":"https:\/\/www.fischer-birk.de\/index.php?rest_route=\/wp\/v2\/pages\/383","targetHints":{"allow":["GET"]}}],"collection":[{"href":"https:\/\/www.fischer-birk.de\/index.php?rest_route=\/wp\/v2\/pages"}],"about":[{"href":"https:\/\/www.fischer-birk.de\/index.php?rest_route=\/wp\/v2\/types\/page"}],"author":[{"embeddable":true,"href":"https:\/\/www.fischer-birk.de\/index.php?rest_route=\/wp\/v2\/users\/1"}],"replies":[{"embeddable":true,"href":"https:\/\/www.fischer-birk.de\/index.php?rest_route=%2Fwp%2Fv2%2Fcomments&post=383"}],"version-history":[{"count":1,"href":"https:\/\/www.fischer-birk.de\/index.php?rest_route=\/wp\/v2\/pages\/383\/revisions"}],"predecessor-version":[{"id":937,"href":"https:\/\/www.fischer-birk.de\/index.php?rest_route=\/wp\/v2\/pages\/383\/revisions\/937"}],"wp:attachment":[{"href":"https:\/\/www.fischer-birk.de\/index.php?rest_route=%2Fwp%2Fv2%2Fmedia&parent=383"}],"curies":[{"name":"wp","href":"https:\/\/api.w.org\/{rel}","templated":true}]}}